{"id":162,"date":"2021-09-20T21:02:50","date_gmt":"2021-09-20T21:02:50","guid":{"rendered":"https:\/\/shashvatgyan.in\/yokam\/?page_id=162"},"modified":"2021-09-20T21:32:34","modified_gmt":"2021-09-20T21:32:34","slug":"impressum","status":"publish","type":"page","link":"https:\/\/www.yokamtrader.com\/de\/impressum\/","title":{"rendered":"Imprint\/Impressum"},"content":{"rendered":"<p><strong>Deutsch<\/strong><\/p>\n\n\n\n<p>Steueridentifikationsnummer :<br>Amtsgericht Frankfurt : HRA 52057<br>Umsatzsteuer-Identifikationsnummer:<\/p>\n\n\n\n<p>Bank:Postbank<br>Kontonummer:993 7175 02<br>IBAN: DE21 3701 0050 0993 7175 02<br>Bankleitzahl (BLZ): 370 100 50<br>BIC\/SWIFT-Code: PBNKDEFF<\/p>\n\n\n\n<p>Die Anschrift<br>Yokam Trader e.K.<br>Sch\u00f6nstrasse 1,<br>60327 Frankfurt am Main<br>E-Mail: info@yokamtrader.com<\/p>\n\n\n\n<p>Haftungsbeschr\u00e4nkung f\u00fcr interne Inhalte<\/p>\n\n\n\n<p>Die Inhalte unserer Website wurden mit gr\u00f6\u00dfter Sorgfalt und nach bestem Wissen erstellt. F\u00fcr die Aktualit\u00e4t, Vollst\u00e4ndigkeit und Richtigkeit der Seiten k\u00f6nnen wir jedoch keine Gew\u00e4hr \u00fcbernehmen.<\/p>\n\n\n\n<p>Gem\u00e4\u00df \u00a7 7 Abs. 1 lit. 1 TMG (Telemediengesetz) sind wir als Diensteanbieter f\u00fcr eigene Inhalte auf diesen Seiten nach den allgemeinen Gesetzen verantwortlich. Nach \u00a7\u00a7 8 bis 10 TMG sind wir als Diensteanbieter jedoch nicht verpflichtet, \u00fcbermittelte oder gespeicherte fremde Informationen zu \u00fcberwachen. Bei Bekanntwerden von konkreten Rechtsverletzungen werden wir derartige Inhalte umgehend entfernen. Eine diesbez\u00fcgliche Haftung ist jedoch erst ab dem Zeitpunkt der Kenntnis einer Rechtsverletzung m\u00f6glich.<\/p>\n\n\n\n<p>Haftungsbeschr\u00e4nkung f\u00fcr externe Links<\/p>\n\n\n\n<p>Unsere Website enth\u00e4lt Verkn\u00fcpfungen zu Websites Dritter (\u201eexterne Links\u201c). Da der Inhalt dieser Websites nicht unserer Kontrolle unterliegt, k\u00f6nnen wir f\u00fcr diese fremden Inhalte auch keine Gew\u00e4hr \u00fcbernehmen. F\u00fcr die Inhalte und Richtigkeit der bereitgestellten Informationen haftet in jedem Fall der Informationsanbieter der verlinkten Websites. Zum Zeitpunkt der Verlinkung waren f\u00fcr uns keine Rechtsverst\u00f6\u00dfe erkennbar. Bei Bekanntwerden von Rechtsverletzungen werden wir derartige Links umgehend entfernen.<\/p>\n\n\n\n<p>Urheberrechte \u00a9<\/p>\n\n\n\n<p>Die auf dieser Website ver\u00f6ffentlichten Inhalte und Werke unterliegen dem deutschen Urheberrecht. Jede Vervielf\u00e4ltigung, Bearbeitung, Verbreitung oder jede Art der Verwertung au\u00dferhalb der Grenzen des Urheberrechts bedarf der vorherigen schriftlichen Zustimmung des jeweiligen Autors bzw. der jeweiligen Autoren.<\/p>\n\n\n\n<p>Datenschutz<\/p>\n\n\n\n<p>Durch den Besuch unserer Website k\u00f6nnen auf unserem Server Informationen \u00fcber den Zugriff (Datum, Uhrzeit, aufgerufene Seite) gespeichert werden. Dies stellt keine Auswertung personenbezogener Daten (zB Name, Anschrift oder E-Mail-Adresse) dar. Soweit personenbezogene Daten erhoben werden, erfolgt dies \u2013 soweit m\u00f6glich \u2013 nur nach vorheriger Einwilligung des Nutzers der Website. Eine Weitergabe der Daten an Dritte ohne ausdr\u00fcckliche Zustimmung des Nutzers erfolgt nicht.<\/p>\n\n\n\n<p>Wir weisen ausdr\u00fccklich darauf hin, dass die Daten\u00fcbertragung im Internet (zB per E-Mail) Sicherheitsl\u00fccken aufweisen kann. Ein l\u00fcckenloser Schutz der Daten vor dem Zugriff durch Dritte ist daher nicht m\u00f6glich. F\u00fcr Sch\u00e4den, die durch solche Sicherheitsl\u00fccken entstehen, k\u00f6nnen wir keine Haftung \u00fcbernehmen.<\/p>\n\n\n\n<p>Der Nutzung aller ver\u00f6ffentlichten Kontaktdaten durch Dritte zum Zwecke von Werbung wird ausdr\u00fccklich widersprochen. Wir behalten uns rechtliche Schritte im Falle der unverlangten Zusendung von Werbeinformationen vor; zB mittels Spam-Mail.<\/p>\n\n\n\n<p><strong>English <\/strong><\/p>\n\n\n\n<p>Tax identification number :<br>Local Court Frankfurt : HRA 52057<br>Sales tax identification number:<\/p>\n\n\n\n<p>Bank:Postbank<br>Account number:993 7175 02<br>IBAN: DE21 3701 0050 0993 7175 02<br>Bank code (BLZ): 370 100 50<br>BIC\/SWIFT code: PBNKDEFF<\/p>\n\n\n\n<p>The address<br>Yokam Trader e.K.<br>Sch\u00f6nstrasse 1,<br>60327 Frankfurt am Main<br>E-mail: info@yokamtrader.com<\/p>\n\n\n\n<p>Limitation of liability for internal contents<\/p>\n\n\n\n<p>The contents of our website have been created with the greatest care and to the best of our knowledge. However, we cannot assume any liability for the topicality, completeness and correctness of the pages.<\/p>\n\n\n\n<p>According to \u00a7 7 para. 1 lit. 1 TMG (Telemedia Act) we are responsible as a service provider for our own content on these pages under the general laws. According to \u00a7\u00a7 8 to 10 TMG, however, we are not obligated as a service provider to monitor transmitted or stored third-party information. If we become aware of concrete violations of the law, we will immediately remove such content. However, liability in this regard is only possible from the time we become aware of an infringement.<\/p>\n\n\n\n<p>Limitation of liability for external links<\/p>\n\n\n\n<p>Our website contains links to third-party websites (&#8220;external links&#8221;). Since the content of these websites is not subject to our control, we cannot assume any liability for this third-party content. In any case, the information provider of the linked websites is liable for the content and correctness of the information provided. At the time of linking, we were not aware of any legal violations. If we become aware of any infringements, we will remove such links immediately.<\/p>\n\n\n\n<p>Copyrights \u00a9<\/p>\n\n\n\n<p>The contents and works published on this website are subject to German copyright law. Any duplication, processing, distribution, or any form of commercialization of such material beyond the scope of the copyright law shall require the prior written consent of its respective author(s).<\/p>\n\n\n\n<p>Data protection<\/p>\n\n\n\n<p>By visiting our website, information about the access (date, time, accessed page) can be stored on our server. This does not represent an evaluation of personal data (e.g. name, address or e-mail address). Insofar as personal data is collected, this is done &#8211; as far as possible &#8211; only with the prior consent of the user of the website. Data will not be passed on to third parties without the express consent of the user.<\/p>\n\n\n\n<p>We expressly point out that data transmission on the Internet (e.g. by e-mail) can have security gaps. Complete protection of data against access by third parties is therefore not possible. We cannot accept any liability for damage caused by such security gaps.<\/p>\n\n\n\n<p>The use of all published contact data by third parties for the purpose of advertising is expressly prohibited. We reserve the right to take legal action in the event of unsolicited promotional information being sent; e.g. by means of spam mail.<\/p>","protected":false},"excerpt":{"rendered":"<p>Deutsch Steueridentifikationsnummer :Amtsgericht Frankfurt : HRA 52057Umsatzsteuer-Identifikationsnummer: Bank:PostbankKontonummer:993 7175 02IBAN: DE21 3701 0050 0993 7175 02Bankleitzahl (BLZ): 370 100 50BIC\/SWIFT-Code: PBNKDEFF Die AnschriftYokam Trader e.K.Sch\u00f6nstrasse 1,60327 Frankfurt am MainE-Mail: info@yokamtrader.com Haftungsbeschr\u00e4nkung f\u00fcr interne Inhalte Die Inhalte unserer Website wurden mit gr\u00f6\u00dfter Sorgfalt und nach bestem Wissen erstellt. F\u00fcr die Aktualit\u00e4t, Vollst\u00e4ndigkeit und Richtigkeit der Seiten [&hellip;]<\/p>\n","protected":false},"author":2,"featured_media":0,"parent":0,"menu_order":0,"comment_status":"closed","ping_status":"closed","template":"","meta":{"site-sidebar-layout":"no-sidebar","site-content-layout":"boxed-container","ast-site-content-layout":"default","site-content-style":"default","site-sidebar-style":"default","ast-global-header-display":"","ast-banner-title-visibility":"","ast-main-header-display":"","ast-hfb-above-header-display":"","ast-hfb-below-header-display":"","ast-hfb-mobile-header-display":"","site-post-title":"","ast-breadcrumbs-content":"","ast-featured-img":"","footer-sml-layout":"","ast-disable-related-posts":"","theme-transparent-header-meta":"default","adv-header-id-meta":"","stick-header-meta":"","header-above-stick-meta":"","header-main-stick-meta":"","header-below-stick-meta":"","astra-migrate-meta-layouts":"default","ast-page-background-enabled":"default","ast-page-background-meta":{"desktop":{"background-color":"var(--ast-global-color-4)","background-image":"","background-repeat":"repeat","background-position":"center center","background-size":"auto","background-attachment":"scroll","background-type":"","background-media":"","overlay-type":"","overlay-color":"","overlay-opacity":"","overlay-gradient":""},"tablet":{"background-color":"","background-image":"","background-repeat":"repeat","background-position":"center center","background-size":"auto","background-attachment":"scroll","background-type":"","background-media":"","overlay-type":"","overlay-color":"","overlay-opacity":"","overlay-gradient":""},"mobile":{"background-color":"","background-image":"","background-repeat":"repeat","background-position":"center center","background-size":"auto","background-attachment":"scroll","background-type":"","background-media":"","overlay-type":"","overlay-color":"","overlay-opacity":"","overlay-gradient":""}},"ast-content-background-meta":{"desktop":{"background-color":"var(--ast-global-color-5)","background-image":"","background-repeat":"repeat","background-position":"center center","background-size":"auto","background-attachment":"scroll","background-type":"","background-media":"","overlay-type":"","overlay-color":"","overlay-opacity":"","overlay-gradient":""},"tablet":{"background-color":"var(--ast-global-color-5)","background-image":"","background-repeat":"repeat","background-position":"center center","background-size":"auto","background-attachment":"scroll","background-type":"","background-media":"","overlay-type":"","overlay-color":"","overlay-opacity":"","overlay-gradient":""},"mobile":{"background-color":"var(--ast-global-color-5)","background-image":"","background-repeat":"repeat","background-position":"center center","background-size":"auto","background-attachment":"scroll","background-type":"","background-media":"","overlay-type":"","overlay-color":"","overlay-opacity":"","overlay-gradient":""}},"footnotes":""},"class_list":["post-162","page","type-page","status-publish","hentry"],"_links":{"self":[{"href":"https:\/\/www.yokamtrader.com\/de\/wp-json\/wp\/v2\/pages\/162","targetHints":{"allow":["GET"]}}],"collection":[{"href":"https:\/\/www.yokamtrader.com\/de\/wp-json\/wp\/v2\/pages"}],"about":[{"href":"https:\/\/www.yokamtrader.com\/de\/wp-json\/wp\/v2\/types\/page"}],"author":[{"embeddable":true,"href":"https:\/\/www.yokamtrader.com\/de\/wp-json\/wp\/v2\/users\/2"}],"replies":[{"embeddable":true,"href":"https:\/\/www.yokamtrader.com\/de\/wp-json\/wp\/v2\/comments?post=162"}],"version-history":[{"count":3,"href":"https:\/\/www.yokamtrader.com\/de\/wp-json\/wp\/v2\/pages\/162\/revisions"}],"predecessor-version":[{"id":212,"href":"https:\/\/www.yokamtrader.com\/de\/wp-json\/wp\/v2\/pages\/162\/revisions\/212"}],"wp:attachment":[{"href":"https:\/\/www.yokamtrader.com\/de\/wp-json\/wp\/v2\/media?parent=162"}],"curies":[{"name":"wp","href":"https:\/\/api.w.org\/{rel}","templated":true}]}}