{"id":216,"date":"2021-09-20T21:35:21","date_gmt":"2021-09-20T21:35:21","guid":{"rendered":"https:\/\/shashvatgyan.in\/yokam\/?page_id=216"},"modified":"2021-09-22T22:55:16","modified_gmt":"2021-09-22T22:55:16","slug":"datenschutzerklarung","status":"publish","type":"page","link":"https:\/\/www.yokamtrader.com\/de\/datenschutzerklarung\/","title":{"rendered":"Datenschutzerkl\u00e4rung \/ Privacy Policy"},"content":{"rendered":"<p><strong>Deutsch<\/strong><\/p>\n\n\n\n<p>Yokam Trader e.K<br>Datenschutz<br>Stand 09\/2021<\/p>\n\n\n\n<p>Diese Datenschutzerkl\u00e4rung gibt Ihnen einen \u00dcberblick \u00fcber den Umgang mit Ihren Daten bei der Yokam Trader e.K. Sie gilt f\u00fcr alle Websites, Apps und sonstige Dienste und Dienste, die von der Yokam Trader e.K. angeboten werden.<\/p>\n\n\n\n<p>Bei Fragen zu dieser Datenschutzerkl\u00e4rung oder zum Datenschutz bei der Yokam Trader e.K. k\u00f6nnen Sie sich an unser Team unter info@yokamtrader.com wenden. Bitte senden Sie auch eine E-Mail an unser Team, wenn Sie von Ihrem Recht auf Auskunft oder Datenl\u00f6schung oder einem Recht zum Schutz personenbezogener Daten nach Art. 15-22 DSGVO, siehe Widerruf der Einwilligung f\u00fcr Marketing geh\u00f6rt, die Abmeldung vom Newsletter.<\/p>\n\n\n\n<p>So k\u00f6nnen Sie diese Datenschutzerkl\u00e4rung lesen: Wir bieten Ihnen verschiedene Rechte zum Lesen dieser Datenschutzerkl\u00e4rung. Es gibt einige eigene Informationen in diesem Abschnitt. Diese Datenschutzerkl\u00e4rung m\u00fcssen wir f\u00fcr Sie nach politischen Themen sortiert und in einzelnen Kapiteln mit Richtlinien behandelt haben.<\/p>\n\n\n\n<p>Wof\u00fcr verwendet Yokam Trader e.K. meine Daten?<\/p>\n\n\n\n<p>Yokam Trader e.K. positioniert Ihre Daten unter Lizenz aller geltenden Datenschutzgesetze. Dies wird durch die datenschutzrechtlichen Grunds\u00e4tze f\u00fcr Beziehungspers\u00f6nlichkeitsdaten best\u00e4tigt. Ihre Daten, die wir anhand unserer Datenschutzerkl\u00e4rung bzw. bei der Datenerhebung mitgeteilten Bedingungen erl\u00e4utert haben. Dies sind in erster Linie der Kaufprozess und die Verwaltung, Personalisierung und Weiterentwicklung sowie die Sicherheit unserer Dienstleistungen. Dar\u00fcber hinaus verwenden wir Ihre Daten im Rahmen des Schutzes des deutschen und des digitalen Datenschutzrechts, aber auch f\u00fcr weitere, zB Produktentwicklung, wissenschaftliche Forschung und Marktforschung, f\u00fcr neue Gesch\u00e4ftsprozesse, die bedarfsgerechte Gestaltung unserer Dienste und f\u00fcr personalisierte Werbung.<\/p>\n\n\n\n<p>Informationen auf Websites<\/p>\n\n\n\n<p>Wir haben Ihre Daten f\u00fcr die Nutzung der Websites der Yokam Trader e.K. Neben den bei jeder Nutzung dieser Dienste anfallenden Ger\u00e4te- und Zugriffsdaten unterscheiden sich die Daten der verarbeiteten Daten und die Verarbeitungsbefugnisse, wie Sie die \u00fcber unsere Dienste verf\u00fcgbaren Funktionen und Dienste nutzen. Dar\u00fcber hinaus ermitteln wir die Daten, die bei der Nutzung unserer Dienste anfallen, um zu sehen, wie unser Online-Anspruch ausf\u00e4llt. Wir verwenden diese Informationen im Rahmen der Shopping-Personalisierung, zur Verbesserung unserer Dienstleistungen und f\u00fcr personalisierte Werbung.<\/p>\n\n\n\n<p>Informationen zu Social Media Fanpages<\/p>\n\n\n\n<p>Die Yokam Trader e.K. unterh\u00e4lt ein Social Media Profil in den sozialen Beziehungen von Facebook, Instagram und Twitter (geh\u00f6rt zu \u201eFanpages\u201c). Auf unseren Fanseiten unterscheiden und teilen wir die gleichen Rechte, Rechte und Produktempfehlungen. F\u00fcr jede Person auf unseren Fanseiten oder anderen Facebook- oder Instagram-oder-Twitter-Websites die Rechte der sozialen Rechte mit Cookies und die Wahrnehmung Ihres eigenen Verhaltens. Fanpage-Kontakte k\u00f6nnen allgemeine Rechte zu den Interessen und allgemeinen demografischen Beziehungen (zB Alter, Geschlecht, Region) der Fanpage-Konversation einsehen. Wenn Sie soziale Kontakte nutzen, stehen die Art, der Umfang und die Aus\u00fcbung der Daten der Rechte an erster Stelle den Betroffenen der Pers\u00f6nlichkeitsrechte.<\/p>\n\n\n\n<p><strong>English<\/strong><\/p>\n\n\n\n<p>Yokam Trader e.K<br>Privacy policy<br>Status 09\/2021<\/p>\n\n\n\n<p>This privacy policy gives you an overview of how your data is handled at Yokam Trader e.K. It applies to all websites, apps and other services and services offered by Yokam Trader e.K..<\/p>\n\n\n\n<p>If you have any questions about this privacy statement or about data protection at Yokam Trader e.K., you can contact our team at info@yokamtrader.com. Please also send an email to our team if you wish to exercise your right of access or data erasure or a right to protection of personal data under Art. 15-22 DSGVO, see Revocation of consent for marketing belongs to unsubscribe from the newsletter.<\/p>\n\n\n\n<p>How to read this privacy policy: We offer you several rights to read this Privacy Policy. There is some separate information in this section. We need to have this privacy statement sorted for you by policy topics and covered in individual chapters with policies.<\/p>\n\n\n\n<p>What does Yokam Trader e.K. use my data for?<\/p>\n\n\n\n<p>Yokam Trader e.K. positions your data under license of all applicable data protection laws. This is confirmed by the data protection principles for relationship personality data. Your data we have explained on the basis of our privacy policy or conditions communicated at the time of data collection. These are primarily the purchase process and the administration, personalization and further development as well as the security of our services. In addition, we use your data within the scope of the protection of German and digital data protection law, but also for other, eg product development, scientific research and market research, for new business processes, the needs-based design of our services and for personalized advertising.<\/p>\n\n\n\n<p>Information on websites<\/p>\n\n\n\n<p>We have your data for the use of the websites of Yokam Trader e.K. In addition to the device and access data collected each time you use these services, the data of the processed data and the processing powers differ how you use the features and services available through our services. In addition, we identify the data that is generated when you use our services to see how our online claim turns out. We use this information as part of shopping personalization, to improve our services, and for personalized advertising.<\/p>\n\n\n\n<p>Information about social media fan pages<\/p>\n\n\n\n<p>Yokam Trader e.K. maintains a social media profile in the social relations of Facebook, Instagram and Twitter (belongs to &#8220;Fanpages&#8221;). On our Fanpages, we distinguish and share the same rights, privileges and product recommendations.For each person on our Fanpages or other Facebook or Instagram or Twitter sites, the rights of social rights with cookies and the perception of your own behavior. Fan page contacts can see general rights to the interests and general demographic relationships (eg, age, gender, region) of the fan page conversation. If you use social contacts, the nature, scope and exercise of the data of the rights in the first place the subjects of personal rights.<\/p>","protected":false},"excerpt":{"rendered":"<p>Deutsch Yokam Trader e.KDatenschutzStand 09\/2021 Diese Datenschutzerkl\u00e4rung gibt Ihnen einen \u00dcberblick \u00fcber den Umgang mit Ihren Daten bei der Yokam Trader e.K. Sie gilt f\u00fcr alle Websites, Apps und sonstige Dienste und Dienste, die von der Yokam Trader e.K. angeboten werden. Bei Fragen zu dieser Datenschutzerkl\u00e4rung oder zum Datenschutz bei der Yokam Trader e.K. k\u00f6nnen [&hellip;]<\/p>\n","protected":false},"author":2,"featured_media":0,"parent":0,"menu_order":0,"comment_status":"closed","ping_status":"closed","template":"","meta":{"site-sidebar-layout":"no-sidebar","site-content-layout":"default","ast-site-content-layout":"default","site-content-style":"default","site-sidebar-style":"default","ast-global-header-display":"","ast-banner-title-visibility":"","ast-main-header-display":"","ast-hfb-above-header-display":"","ast-hfb-below-header-display":"","ast-hfb-mobile-header-display":"","site-post-title":"","ast-breadcrumbs-content":"","ast-featured-img":"","footer-sml-layout":"","ast-disable-related-posts":"","theme-transparent-header-meta":"default","adv-header-id-meta":"","stick-header-meta":"","header-above-stick-meta":"","header-main-stick-meta":"","header-below-stick-meta":"","astra-migrate-meta-layouts":"default","ast-page-background-enabled":"default","ast-page-background-meta":{"desktop":{"background-color":"var(--ast-global-color-4)","background-image":"","background-repeat":"repeat","background-position":"center center","background-size":"auto","background-attachment":"scroll","background-type":"","background-media":"","overlay-type":"","overlay-color":"","overlay-opacity":"","overlay-gradient":""},"tablet":{"background-color":"","background-image":"","background-repeat":"repeat","background-position":"center center","background-size":"auto","background-attachment":"scroll","background-type":"","background-media":"","overlay-type":"","overlay-color":"","overlay-opacity":"","overlay-gradient":""},"mobile":{"background-color":"","background-image":"","background-repeat":"repeat","background-position":"center center","background-size":"auto","background-attachment":"scroll","background-type":"","background-media":"","overlay-type":"","overlay-color":"","overlay-opacity":"","overlay-gradient":""}},"ast-content-background-meta":{"desktop":{"background-color":"var(--ast-global-color-5)","background-image":"","background-repeat":"repeat","background-position":"center center","background-size":"auto","background-attachment":"scroll","background-type":"","background-media":"","overlay-type":"","overlay-color":"","overlay-opacity":"","overlay-gradient":""},"tablet":{"background-color":"var(--ast-global-color-5)","background-image":"","background-repeat":"repeat","background-position":"center center","background-size":"auto","background-attachment":"scroll","background-type":"","background-media":"","overlay-type":"","overlay-color":"","overlay-opacity":"","overlay-gradient":""},"mobile":{"background-color":"var(--ast-global-color-5)","background-image":"","background-repeat":"repeat","background-position":"center center","background-size":"auto","background-attachment":"scroll","background-type":"","background-media":"","overlay-type":"","overlay-color":"","overlay-opacity":"","overlay-gradient":""}},"footnotes":""},"class_list":["post-216","page","type-page","status-publish","hentry"],"_links":{"self":[{"href":"https:\/\/www.yokamtrader.com\/de\/wp-json\/wp\/v2\/pages\/216","targetHints":{"allow":["GET"]}}],"collection":[{"href":"https:\/\/www.yokamtrader.com\/de\/wp-json\/wp\/v2\/pages"}],"about":[{"href":"https:\/\/www.yokamtrader.com\/de\/wp-json\/wp\/v2\/types\/page"}],"author":[{"embeddable":true,"href":"https:\/\/www.yokamtrader.com\/de\/wp-json\/wp\/v2\/users\/2"}],"replies":[{"embeddable":true,"href":"https:\/\/www.yokamtrader.com\/de\/wp-json\/wp\/v2\/comments?post=216"}],"version-history":[{"count":1,"href":"https:\/\/www.yokamtrader.com\/de\/wp-json\/wp\/v2\/pages\/216\/revisions"}],"predecessor-version":[{"id":217,"href":"https:\/\/www.yokamtrader.com\/de\/wp-json\/wp\/v2\/pages\/216\/revisions\/217"}],"wp:attachment":[{"href":"https:\/\/www.yokamtrader.com\/de\/wp-json\/wp\/v2\/media?parent=216"}],"curies":[{"name":"wp","href":"https:\/\/api.w.org\/{rel}","templated":true}]}}